{"id":1344,"date":"2014-03-12T17:29:16","date_gmt":"2014-03-12T20:29:16","guid":{"rendered":"http:\/\/www.colegiolatinocordillera.cl\/w3\/?page_id=1344"},"modified":"2025-03-02T20:57:49","modified_gmt":"2025-03-02T23:57:49","slug":"tercero-basico-pudu","status":"publish","type":"page","link":"https:\/\/www.colegiolatinocordillera.cl\/w3\/comunidad\/tremun\/tercero-basico-pudu\/","title":{"rendered":"Tercero B\u00e1sico Pud\u00fa"},"content":{"rendered":"<h1>Tercero B\u00e1sico Pud\u00fa<\/h1>\n<table border=\"0\" width=\"100%\" style=\"max-width: 830px;\">\n<tbody>\n<tr>\n<td valign=\"top\" style=\"width: 24%;\">\n<div class=\"subtit_tremun\">Profesora Tutora<\/div>\n<\/td>\n<td valign=\"top\">\n<h2 class=\"docente\">B\u00e1rbara Vallejos<\/h2>\n<p class=\"email\">\n<div class=\"espa10px\"><\/div>\n<\/td>\n<\/tr>\n<tr class=\"invisible\">\n<td valign=\"top\">\n<div class=\"subtit_tremun\">Estudiantes<\/div>\n<\/td>\n<td valign=\"top\">&nbsp;<\/td>\n<\/tr>\n<tr>\n<td colspan=\"2\" valign=\"top\">\n<table border=\"0\" width=\"90%\" cellspacing=\"0\" cellpadding=\"0\" align=\"right\">\n<tbody>\n<tr>\n<td valign=\"top\">&nbsp;<\/td>\n<td valign=\"top\">&nbsp;<\/td>\n<td valign=\"top\">&nbsp;<\/td>\n<\/tr>\n<\/tbody>\n<\/table>\n<\/td>\n<\/tr>\n<tr>\n<td valign=\"top\">\n<div class=\"subtit_tremun\">Horario<\/div>\n<\/td>\n<td valign=\"top\">&nbsp;<\/td>\n<\/tr>\n<tr>\n<td colspan=\"2\" valign=\"top\"><\/td>\n<\/tr>\n<tr>\n<td valign=\"top\"><img loading=\"lazy\" decoding=\"async\" src=\"\/w3\/10x10.png\" alt=\"\" width=\"10\" height=\"30\"><\/p>\n<div class=\"subtit_tremun\">Unidades y Aprendizajes Esperados<\/div>\n<\/td>\n<td valign=\"top\">&nbsp;<\/td>\n<\/tr>\n<tr>\n<td colspan=\"2\" valign=\"top\">\n<table width=\"90%\" cellspacing=\"0\" cellpadding=\"3\" align=\"right\">\n<tbody>\n<tr>\n<td style=\"text-align: center;\" valign=\"top\"><\/td>\n<\/tr>\n<\/tbody>\n<\/table>\n<\/td>\n<\/tr>\n<tr>\n<td valign=\"top\">\n<div class=\"subtit_tremun\">Actividades<\/div>\n<\/td>\n<td valign=\"top\">&nbsp;<\/td>\n<\/tr>\n<tr>\n<td colspan=\"2\" valign=\"top\">\n<table border=\"0\" width=\"90%\" cellspacing=\"0\" cellpadding=\"3\" align=\"right\">\n<tbody>\n<tr>\n<td colspan=\"3\" valign=\"top\">&nbsp;<\/td>\n<\/tr>\n<\/tbody>\n<\/table>\n<\/td>\n<\/tr>\n<\/tbody>\n<\/table>\n","protected":false},"excerpt":{"rendered":"<p>Tercero B\u00e1sico Pud\u00fa Profesora Tutora B\u00e1rbara Vallejos Estudiantes &nbsp; &nbsp; &nbsp; &nbsp; Horario &nbsp; Unidades y Aprendizajes Esperados &nbsp; Actividades &nbsp; &nbsp;<\/p>\n","protected":false},"author":7,"featured_media":0,"parent":706,"menu_order":3,"comment_status":"closed","ping_status":"closed","template":"page-left-sidebar.php","meta":{"footnotes":""},"class_list":["post-1344","page","type-page","status-publish","hentry"],"_links":{"self":[{"href":"https:\/\/www.colegiolatinocordillera.cl\/w3\/wp-json\/wp\/v2\/pages\/1344","targetHints":{"allow":["GET"]}}],"collection":[{"href":"https:\/\/www.colegiolatinocordillera.cl\/w3\/wp-json\/wp\/v2\/pages"}],"about":[{"href":"https:\/\/www.colegiolatinocordillera.cl\/w3\/wp-json\/wp\/v2\/types\/page"}],"author":[{"embeddable":true,"href":"https:\/\/www.colegiolatinocordillera.cl\/w3\/wp-json\/wp\/v2\/users\/7"}],"replies":[{"embeddable":true,"href":"https:\/\/www.colegiolatinocordillera.cl\/w3\/wp-json\/wp\/v2\/comments?post=1344"}],"version-history":[{"count":55,"href":"https:\/\/www.colegiolatinocordillera.cl\/w3\/wp-json\/wp\/v2\/pages\/1344\/revisions"}],"predecessor-version":[{"id":6309,"href":"https:\/\/www.colegiolatinocordillera.cl\/w3\/wp-json\/wp\/v2\/pages\/1344\/revisions\/6309"}],"up":[{"embeddable":true,"href":"https:\/\/www.colegiolatinocordillera.cl\/w3\/wp-json\/wp\/v2\/pages\/706"}],"wp:attachment":[{"href":"https:\/\/www.colegiolatinocordillera.cl\/w3\/wp-json\/wp\/v2\/media?parent=1344"}],"curies":[{"name":"wp","href":"https:\/\/api.w.org\/{rel}","templated":true}]}}