{"id":19,"date":"2011-01-06T20:29:50","date_gmt":"2011-01-06T23:29:50","guid":{"rendered":"http:\/\/www.colegiolatinocordillera.cl\/w3\/?page_id=19"},"modified":"2019-02-22T13:27:53","modified_gmt":"2019-02-22T16:27:53","slug":"palabras","status":"publish","type":"page","link":"https:\/\/www.colegiolatinocordillera.cl\/w3\/somos\/palabras\/","title":{"rendered":"Palabras de la Direcci\u00f3n"},"content":{"rendered":"<h1>Palabras de la Direcci\u00f3n<\/h1>\n<p>Somos un grupo de profesores con disposici\u00f3n a so\u00f1ar, que se empe\u00f1a en trabajar creativamente y que mancomunadamente hemos construido y sostenido este colegio.<\/p>\n<p>Somos un colegio laico, que acepta y respeta que cada uno tenga sus propias ideas y preferencias; que busca el pluralismo y la diversidad.<\/p>\n<p>Queremos ser ciudadanos y ciudadanas que analizan informada y cr\u00edticamente la realidad; que ejercen sus derechos y cumplen sus deberes de manera responsable, solidaria y democr\u00e1tica. Que colaboran y participan en la resoluci\u00f3n de problemas colectivos.<\/p>\n<p>Somos un colegio que sin abandonar su mirada humanista es capaz de asumir los desaf\u00edos de la tecnolog\u00eda y la ciencia en la construcci\u00f3n de su propuesta educativa.<\/p>\n<div class=\"texto_resalte\">\u00abSomos la flecha que surca los cielos, el alba del d\u00eda, la lluvia primera, el estreno de una risa, flor en primavera, la cr\u00eda que mama, las alas del viento.\u00bb<\/div>\n<p>Somos grandes optimistas, a pesar de encontrarnos en ocasiones perplejos frente al consumismo e individualismo que crecientemente invade a nuestra sociedad. Creemos que es posible un mundo m\u00e1s solidario, democr\u00e1tico y justo.<\/p>\n<p>Somos profesores que sabemos que nuestras decisiones son siempre m\u00e1s \u00e9ticas que t\u00e9cnicas, lo cual nos exige una constante reflexi\u00f3n sobre nuestra pr\u00e1ctica, para buscar as\u00ed la coherencia entre nuestro decir y nuestro hacer.<\/p>\n","protected":false},"excerpt":{"rendered":"<p>Palabras de la Direcci\u00f3n Somos un grupo de profesores con disposici\u00f3n a so\u00f1ar, que se empe\u00f1a en trabajar creativamente y que mancomunadamente hemos construido y sostenido este colegio. Somos un&#8230;<\/p>\n","protected":false},"author":7,"featured_media":0,"parent":3,"menu_order":1,"comment_status":"closed","ping_status":"closed","template":"page-sidebar.php","meta":{"footnotes":""},"class_list":["post-19","page","type-page","status-publish","hentry"],"_links":{"self":[{"href":"https:\/\/www.colegiolatinocordillera.cl\/w3\/wp-json\/wp\/v2\/pages\/19","targetHints":{"allow":["GET"]}}],"collection":[{"href":"https:\/\/www.colegiolatinocordillera.cl\/w3\/wp-json\/wp\/v2\/pages"}],"about":[{"href":"https:\/\/www.colegiolatinocordillera.cl\/w3\/wp-json\/wp\/v2\/types\/page"}],"author":[{"embeddable":true,"href":"https:\/\/www.colegiolatinocordillera.cl\/w3\/wp-json\/wp\/v2\/users\/7"}],"replies":[{"embeddable":true,"href":"https:\/\/www.colegiolatinocordillera.cl\/w3\/wp-json\/wp\/v2\/comments?post=19"}],"version-history":[{"count":52,"href":"https:\/\/www.colegiolatinocordillera.cl\/w3\/wp-json\/wp\/v2\/pages\/19\/revisions"}],"predecessor-version":[{"id":4297,"href":"https:\/\/www.colegiolatinocordillera.cl\/w3\/wp-json\/wp\/v2\/pages\/19\/revisions\/4297"}],"up":[{"embeddable":true,"href":"https:\/\/www.colegiolatinocordillera.cl\/w3\/wp-json\/wp\/v2\/pages\/3"}],"wp:attachment":[{"href":"https:\/\/www.colegiolatinocordillera.cl\/w3\/wp-json\/wp\/v2\/media?parent=19"}],"curies":[{"name":"wp","href":"https:\/\/api.w.org\/{rel}","templated":true}]}}