{"id":2805,"date":"2016-03-09T13:02:40","date_gmt":"2016-03-09T16:02:40","guid":{"rendered":"http:\/\/www.colegiolatinocordillera.cl\/w3\/?page_id=2805"},"modified":"2025-03-04T18:14:37","modified_gmt":"2025-03-04T21:14:37","slug":"septimo-qamaqi","status":"publish","type":"page","link":"https:\/\/www.colegiolatinocordillera.cl\/w3\/comunidad\/jaqi\/septimo-qamaqi\/","title":{"rendered":"S\u00e9ptimo B\u00e1sico Qamaqi"},"content":{"rendered":"<h1>S\u00e9ptimo B\u00e1sico Qamaqi<\/h1>\n<table style=\"max-width: 830px;\" border=\"0\" width=\"100%\">\n<tbody>\n<tr>\n<td style=\"width: 24%;\" valign=\"top\">\n<div class=\"subtit_jaqi\">Profesora Tutora<\/div>\n<\/td>\n<td valign=\"top\">\n<h2>Carolina Tapia M.<\/h2>\n<\/td>\n<\/tr>\n<tr class=\"invisible\">\n<td valign=\"top\">\n<div class=\"subtit_jaqi\">Estudiantes<\/div>\n<\/td>\n<td valign=\"top\"><\/td>\n<\/tr>\n<tr>\n<td colspan=\"2\" valign=\"top\">\n<table border=\"0\" width=\"90%\" cellspacing=\"0\" cellpadding=\"0\" align=\"right\">\n<tbody>\n<tr>\n<td valign=\"top\"><\/td>\n<td valign=\"top\"><\/td>\n<td valign=\"top\"><\/td>\n<\/tr>\n<\/tbody>\n<\/table>\n<\/td>\n<\/tr>\n<tr>\n<td valign=\"top\">\n<div class=\"subtit_jaqi\">Horario<\/div>\n<\/td>\n<td valign=\"top\"><\/td>\n<\/tr>\n<tr>\n<td colspan=\"2\" valign=\"top\">\n<div class=\"espa30px\"><\/div>\n<table width=\"90%\" align=\"right\">\n<tbody>\n<tr>\n<td><\/td>\n<\/tr>\n<\/tbody>\n<\/table>\n<\/td>\n<\/tr>\n<tr>\n<td colspan=\"2\" valign=\"top\">\n<table width=\"90%\" cellspacing=\"0\" cellpadding=\"3\" align=\"right\">\n<tbody>\n<tr>\n<td style=\"text-align: center;\" valign=\"top\"><\/td>\n<\/tr>\n<\/tbody>\n<\/table>\n<\/td>\n<\/tr>\n<tr>\n<td colspan=\"2\" valign=\"top\">\n<table border=\"0\" width=\"90%\" cellspacing=\"0\" cellpadding=\"3\" align=\"right\">\n<tbody>\n<tr>\n<td colspan=\"3\" valign=\"top\"><a href=\"https:\/\/www.colegiolatinocordillera.cl\/w3\/wp-content\/uploads\/2025\/03\/horario_7_qamaqi.jpg\"><img loading=\"lazy\" decoding=\"async\" src=\"https:\/\/www.colegiolatinocordillera.cl\/w3\/wp-content\/uploads\/2025\/03\/horario_7_qamaqi.jpg\" alt=\"\" width=\"2000\" height=\"1303\" class=\"alignnone size-full wp-image-6072\" \/><\/a><\/td>\n<\/tr>\n<\/tbody>\n<\/table>\n<\/td>\n<\/tr>\n<\/tbody>\n<\/table>\n","protected":false},"excerpt":{"rendered":"<p>S\u00e9ptimo B\u00e1sico Qamaqi Profesora Tutora Carolina Tapia M. Estudiantes Horario<\/p>\n","protected":false},"author":7,"featured_media":0,"parent":708,"menu_order":5,"comment_status":"closed","ping_status":"closed","template":"page-left-sidebar.php","meta":{"footnotes":""},"class_list":["post-2805","page","type-page","status-publish","hentry"],"_links":{"self":[{"href":"https:\/\/www.colegiolatinocordillera.cl\/w3\/wp-json\/wp\/v2\/pages\/2805","targetHints":{"allow":["GET"]}}],"collection":[{"href":"https:\/\/www.colegiolatinocordillera.cl\/w3\/wp-json\/wp\/v2\/pages"}],"about":[{"href":"https:\/\/www.colegiolatinocordillera.cl\/w3\/wp-json\/wp\/v2\/types\/page"}],"author":[{"embeddable":true,"href":"https:\/\/www.colegiolatinocordillera.cl\/w3\/wp-json\/wp\/v2\/users\/7"}],"replies":[{"embeddable":true,"href":"https:\/\/www.colegiolatinocordillera.cl\/w3\/wp-json\/wp\/v2\/comments?post=2805"}],"version-history":[{"count":34,"href":"https:\/\/www.colegiolatinocordillera.cl\/w3\/wp-json\/wp\/v2\/pages\/2805\/revisions"}],"predecessor-version":[{"id":6335,"href":"https:\/\/www.colegiolatinocordillera.cl\/w3\/wp-json\/wp\/v2\/pages\/2805\/revisions\/6335"}],"up":[{"embeddable":true,"href":"https:\/\/www.colegiolatinocordillera.cl\/w3\/wp-json\/wp\/v2\/pages\/708"}],"wp:attachment":[{"href":"https:\/\/www.colegiolatinocordillera.cl\/w3\/wp-json\/wp\/v2\/media?parent=2805"}],"curies":[{"name":"wp","href":"https:\/\/api.w.org\/{rel}","templated":true}]}}