{"id":371,"date":"2011-11-05T20:22:45","date_gmt":"2011-11-05T23:22:45","guid":{"rendered":"http:\/\/www.colegiolatinocordillera.cl\/w3\/?page_id=371"},"modified":"2026-04-20T12:36:34","modified_gmt":"2026-04-20T16:36:34","slug":"uniforme","status":"publish","type":"page","link":"https:\/\/www.colegiolatinocordillera.cl\/w3\/informaciones\/uniforme\/","title":{"rendered":"Uniforme"},"content":{"rendered":"<h1>Uniforme<\/h1>\n<div style=\"display: none;\">El\u00a0Colegio tiene uniforme y su uso es obligatorio. \u00c9ste consta de un buzo c\u00f3modo, que ahorra tiempo en las ma\u00f1anas y posibilita actividades escolares y de juego. El uniforme es igual para las distintas edades y sexo, y solo se diferencia en cuanto a tallas. El uniforme del Colegio no est\u00e1 sujeto a los vaivenes de la moda. Al Latino venimos a estudiar y jugar.<\/div>\n<div class=\"espa30px\"><\/div>\n<div class=\"texto_sub\">Hay tres uniformes:<\/div>\n<p>1. De verano. Pantal\u00f3n de buzo azul con ribete gris, tres cuartos (no patas). Polera gris de piqu\u00e9 manga corta y poler\u00f3n de algod\u00f3n.<\/p>\n<p>2. De invierno. Pantal\u00f3n de buzo azul de tama\u00f1o adecuado y recto, ni pitillo, ni patas, con ribete gris. La polera es gris de manga larga y pueden usar camisetas blancas debajo para abrigarse. Sobre la polera, poler\u00f3n de algod\u00f3n y sobre \u00e9ste un polar grueso de uniforme. El poler\u00f3n del colegio NO tiene capucha.<br \/>\nEn Trem\u00fcn los calcetines deben ser azules y las zapatillas negras.<\/p>\n<p>3. De Educaci\u00f3n F\u00edsica. Short azul y polera de Educaci\u00f3n F\u00edsica. En invierno los ni\u00f1os pueden traer el short y polera puestos bajo el uniforme.<br \/>\nTodos los accesorios y los elementos de abrigo como gorro, bufanda, cintillo, artefactos para el pelo, guantes, orejeras, etc. son de color azul o gris sin adornos.<\/p>\n<div class=\"texto_sub\">El Uniforme esta en venta a trav\u00e9s de:<\/div>\n<p>\u2022 <strong>Margarita Cubillos<\/strong><br \/>\n<a href=\"mailto:mcubillosmercado@gmail.com\">mcubillosmercado@gmail.com<\/a><br \/>\ntel 985954616<\/p>\n<p>\u2022 <strong>Marcelo Anabal\u00f3n<\/strong><br \/>\n<a href=\"mailto:marceloanabalon@hotmail.com\">marceloanabalon@hotmail.com<\/a><br \/>\ntel 984231487<\/p>\n<p>\u2022 <strong>Pedro Sandoval Bustos<\/strong><br \/>\n<a href=\"mailto:pedrosandoval@gmail.com\">pedrosandoval@gmail.com<\/a><br \/>\ntel 940379771<\/p>\n","protected":false},"excerpt":{"rendered":"<p>Uniforme El\u00a0Colegio tiene uniforme y su uso es obligatorio. \u00c9ste consta de un buzo c\u00f3modo, que ahorra tiempo en las ma\u00f1anas y posibilita actividades escolares y de juego. El uniforme&#8230;<\/p>\n","protected":false},"author":7,"featured_media":0,"parent":7,"menu_order":1,"comment_status":"closed","ping_status":"closed","template":"page-sidebar.php","meta":{"footnotes":""},"class_list":["post-371","page","type-page","status-publish","hentry"],"_links":{"self":[{"href":"https:\/\/www.colegiolatinocordillera.cl\/w3\/wp-json\/wp\/v2\/pages\/371","targetHints":{"allow":["GET"]}}],"collection":[{"href":"https:\/\/www.colegiolatinocordillera.cl\/w3\/wp-json\/wp\/v2\/pages"}],"about":[{"href":"https:\/\/www.colegiolatinocordillera.cl\/w3\/wp-json\/wp\/v2\/types\/page"}],"author":[{"embeddable":true,"href":"https:\/\/www.colegiolatinocordillera.cl\/w3\/wp-json\/wp\/v2\/users\/7"}],"replies":[{"embeddable":true,"href":"https:\/\/www.colegiolatinocordillera.cl\/w3\/wp-json\/wp\/v2\/comments?post=371"}],"version-history":[{"count":39,"href":"https:\/\/www.colegiolatinocordillera.cl\/w3\/wp-json\/wp\/v2\/pages\/371\/revisions"}],"predecessor-version":[{"id":6483,"href":"https:\/\/www.colegiolatinocordillera.cl\/w3\/wp-json\/wp\/v2\/pages\/371\/revisions\/6483"}],"up":[{"embeddable":true,"href":"https:\/\/www.colegiolatinocordillera.cl\/w3\/wp-json\/wp\/v2\/pages\/7"}],"wp:attachment":[{"href":"https:\/\/www.colegiolatinocordillera.cl\/w3\/wp-json\/wp\/v2\/media?parent=371"}],"curies":[{"name":"wp","href":"https:\/\/api.w.org\/{rel}","templated":true}]}}