{"id":397,"date":"2014-05-01T12:00:46","date_gmt":"2014-05-01T16:00:46","guid":{"rendered":"http:\/\/www.colegiolatinocordillera.cl\/w3\/?page_id=397"},"modified":"2026-02-26T21:13:19","modified_gmt":"2026-02-27T00:13:19","slug":"entrada","status":"publish","type":"page","link":"https:\/\/www.colegiolatinocordillera.cl\/w3\/","title":{"rendered":"Inicio"},"content":{"rendered":"<div style=\"height: 580px\" data-transition=\"slide\" data-flexible-height=\"\" data-fullscreen=\"false\" data-autorotate=\"5000\" data-parallax=\"false\" data-full-width=\"false\" class=\"nectar-slider-wrap first-section\" id=\"ns-id-69f884f033841\">\r\n\t\t\t<div style=\"height: 580px\" class=\"swiper-container\" data-loop=\"true\" data-height=\"580\" data-min-height=\"\" data-arrows=\"true\" data-bullets=\"true\" data-desktop-swipe=\"false\" data-settings=\"\">\r\n\t\t\t\t    <div class=\"swiper-wrapper\"><div class=\"swiper-slide\" style=\"background-image: url(https:\/\/www.colegiolatinocordillera.cl\/w3\/wp-content\/uploads\/2026\/02\/portadaBL2026.jpg);\" data-bg-alignment=\"center\" data-color-scheme=\"light\" data-x-pos=\"centered\" data-y-pos=\"middle\"> \r\n\t\t\t\t\t\t\t\t<div class=\"video-texture \"> <span class=\"ie-fix\"><\/span> <\/div><a href=\"https:\/\/www.colegiolatinocordillera.cl\/w3\/wp-content\/uploads\/2026\/02\/BoletinLatino_2026.pdf\" class=\"entire-slide-link\"> <span class=\"ie-fix\"><\/span> <\/a><\/div><!--\/swiper-slide--><\/div><div class=\"nectar-slider-loading default-loader\"> <span class=\"loading-icon \"> <span class=\"default-loading-icon spin\"><\/span>  <\/span> <\/div> <\/div> \r\n\t\t\t\t\r\n\t\t\t<\/div>\n<div style=\"height: 50px;\"><\/div>\n\t\n\t<div class=\"row\">\n\t\n\t <div id=\"post-area\" class=\"col span_12 col_last masonry\"> <div class=\"posts-container\">\t\t\t\t\n\t\t\t\t\n\t\t\t\t<article id=\"post-6466\" class=\"post-6466 post type-post status-publish format-standard hentry category-destacada category-talleres\">\r\n\r\n\t<div class=\"post-content\">\r\n\t\t\r\n\t\t\t\t\t\r\n\t\t\t\t\t\t\r\n\t\t\t<div class=\"post-meta no-img\">\r\n\t\t\t\t\r\n\t\t\t\t\t\t\t\t\r\n\t\t\t\t<div class=\"date\">\r\n\t\t\t\t\t24\/03\/2026\t\t\t\t<\/div><!--\/date-->\r\n\t\t\t\t\r\n\t\t\t\t<div class=\"nectar-love-wrap\">\r\n\t\t\t\t\t<a href=\"#\" class=\"nectar-love\" id=\"nectar-love-6466\" title=\"Love this\"> <div class=\"heart-wrap\"><i class=\"icon-salient-heart-2\"><\/i> <i class=\"icon-salient-heart loved\"><\/i><\/div><span class=\"nectar-love-count\">0<\/span><\/a>\t\t\t\t<\/div><!--\/nectar-love-wrap-->\t\r\n\t\t\t\t\t\t\t\r\n\t\t\t<\/div><!--\/post-meta-->\r\n\t\t\t\r\n\t\t\t\t\r\n\t\t<div class=\"content-inner\">\r\n\t\t\t\r\n\t\t\t\t\t\t\r\n\t\t\t\t\t\t\t<div class=\"article-content-wrap\">\r\n\r\n\t\t\t\t\t<div class=\"post-header\">\r\n\t\t\t\t\t\t<h2 class=\"title\"> <a href=\"https:\/\/www.colegiolatinocordillera.cl\/w3\/2026\/03\/talleres-extraprogramaticos-primer-semestre\/\">Talleres Extraprogram\u00e1ticos Primer Semestre <\/a> <\/h2>\r\n\t\t\t\t\t\t<span class=\"meta-author\">Por <a href=\"https:\/\/www.colegiolatinocordillera.cl\/w3\/author\/jrivera\/\" title=\"Entradas de Administrador\" rel=\"author\">Administrador<\/a><\/span> <span class=\"meta-category\">| <a href=\"https:\/\/www.colegiolatinocordillera.cl\/w3\/category\/destacada\/\">Destacada<\/a>, <a href=\"https:\/\/www.colegiolatinocordillera.cl\/w3\/category\/talleres\/\">Talleres<\/a><\/span> <span class=\"meta-comment-count\">| <a href=\"https:\/\/www.colegiolatinocordillera.cl\/w3\/2026\/03\/talleres-extraprogramaticos-primer-semestre\/#respond\">\r\n\t\t\t\t\t\tNo Comments<\/a><\/span>\r\n\t\t\t\t\t<\/div><!--\/post-header-->\r\n\t\t\t\t<p><a href=\"https:\/\/www.colegiolatinocordillera.cl\/w3\/wp-content\/uploads\/2026\/03\/TalleresLatino_1s_26.pdf\"><img loading=\"lazy\" decoding=\"async\" src=\"https:\/\/www.colegiolatinocordillera.cl\/w3\/wp-content\/uploads\/2026\/03\/TalleresLatino_1s_26-scaled.png\" alt=\"\" width=\"2560\" height=\"1675\" class=\"aligncenter size-full wp-image-6477\" srcset=\"https:\/\/www.colegiolatinocordillera.cl\/w3\/wp-content\/uploads\/2026\/03\/TalleresLatino_1s_26-scaled.png 2560w, https:\/\/www.colegiolatinocordillera.cl\/w3\/wp-content\/uploads\/2026\/03\/TalleresLatino_1s_26-300x196.png 300w, https:\/\/www.colegiolatinocordillera.cl\/w3\/wp-content\/uploads\/2026\/03\/TalleresLatino_1s_26-1024x670.png 1024w, https:\/\/www.colegiolatinocordillera.cl\/w3\/wp-content\/uploads\/2026\/03\/TalleresLatino_1s_26-768x503.png 768w, https:\/\/www.colegiolatinocordillera.cl\/w3\/wp-content\/uploads\/2026\/03\/TalleresLatino_1s_26-1536x1005.png 1536w, https:\/\/www.colegiolatinocordillera.cl\/w3\/wp-content\/uploads\/2026\/03\/TalleresLatino_1s_26-2048x1340.png 2048w\" sizes=\"auto, (max-width: 2560px) 100vw, 2560px\" \/><\/a><\/p>\n<p><a href=\"https:\/\/docs.google.com\/forms\/d\/e\/1FAIpQLSe9OWCAila517l4kRm-nkhSeg5c4cCdB0tp-vTHBS-lkPvOnw\/viewform\" target=\"_blank\">Formulario Inscripci\u00f3n Talleres<\/a><br \/>\n<a href=\"https:\/\/docs.google.com\/forms\/d\/e\/1FAIpQLSdFHnXqTgZpg2GBrtrZCSK6MPSuCzdbGG_6Xqefaabz5WVXbQ\/viewform\" target=\"_blank\">Formulario Inscripci\u00f3n Rob\u00f3tica<\/a><\/p>\n\t\t\t\t\t\r\n\t\t\t\t<\/div><!--article-content-wrap-->\r\n\r\n\t\t\t\t\t\t\r\n\t\t   \r\n\t\t\t\t\t\t\r\n\t\t\t\t\t\t\t\r\n\t\t<\/div><!--\/content-inner-->\r\n\t\t\r\n\t<\/div><!--\/post-content-->\r\n\t\t\r\n<\/article><!--\/article-->\n\t\t\t\t\t\t\t\n\t\t\t\t\n\t\t\t\t<article id=\"post-6441\" class=\"post-6441 post type-post status-publish format-standard hentry category-actividades category-destacada\">\r\n\r\n\t<div class=\"post-content\">\r\n\t\t\r\n\t\t\t\t\t\r\n\t\t\t\t\t\t\r\n\t\t\t<div class=\"post-meta no-img\">\r\n\t\t\t\t\r\n\t\t\t\t\t\t\t\t\r\n\t\t\t\t<div class=\"date\">\r\n\t\t\t\t\t08\/03\/2026\t\t\t\t<\/div><!--\/date-->\r\n\t\t\t\t\r\n\t\t\t\t<div class=\"nectar-love-wrap\">\r\n\t\t\t\t\t<a href=\"#\" class=\"nectar-love\" id=\"nectar-love-6441\" title=\"Love this\"> <div class=\"heart-wrap\"><i class=\"icon-salient-heart-2\"><\/i> <i class=\"icon-salient-heart loved\"><\/i><\/div><span class=\"nectar-love-count\">0<\/span><\/a>\t\t\t\t<\/div><!--\/nectar-love-wrap-->\t\r\n\t\t\t\t\t\t\t\r\n\t\t\t<\/div><!--\/post-meta-->\r\n\t\t\t\r\n\t\t\t\t\r\n\t\t<div class=\"content-inner\">\r\n\t\t\t\r\n\t\t\t\t\t\t\r\n\t\t\t\t\t\t\t<div class=\"article-content-wrap\">\r\n\r\n\t\t\t\t\t<div class=\"post-header\">\r\n\t\t\t\t\t\t<h2 class=\"title\"> <a href=\"https:\/\/www.colegiolatinocordillera.cl\/w3\/2026\/03\/tremun-asamblea-nuevos-comienzos\/\">Trem\u00fcn: Asamblea Nuevos Comienzos <\/a> <\/h2>\r\n\t\t\t\t\t\t<span class=\"meta-author\">Por <a href=\"https:\/\/www.colegiolatinocordillera.cl\/w3\/author\/jrivera\/\" title=\"Entradas de Administrador\" rel=\"author\">Administrador<\/a><\/span> <span class=\"meta-category\">| <a href=\"https:\/\/www.colegiolatinocordillera.cl\/w3\/category\/actividades\/\">Actividades<\/a>, <a href=\"https:\/\/www.colegiolatinocordillera.cl\/w3\/category\/destacada\/\">Destacada<\/a><\/span> <span class=\"meta-comment-count\">| <a href=\"https:\/\/www.colegiolatinocordillera.cl\/w3\/2026\/03\/tremun-asamblea-nuevos-comienzos\/#respond\">\r\n\t\t\t\t\t\tNo Comments<\/a><\/span>\r\n\t\t\t\t\t<\/div><!--\/post-header-->\r\n\t\t\t\t<p><span style=\"font-weight: 400;\">En muchos sentidos el a\u00f1o que comienza es un libro en blanco: todos tenemos la oportunidad de escribir nuestra historia. Nos da la posibilidad de un nuevo comienzo, con emocionantes posibilidades y oportunidades.<\/span><br \/>\n<img loading=\"lazy\" decoding=\"async\" src=\"https:\/\/www.colegiolatinocordillera.cl\/w3\/wp-content\/uploads\/2026\/03\/PG_asamblea.jpg\" alt=\"\" width=\"1714\" height=\"1286\" class=\"aligncenter size-full wp-image-6451\" srcset=\"https:\/\/www.colegiolatinocordillera.cl\/w3\/wp-content\/uploads\/2026\/03\/PG_asamblea.jpg 1714w, https:\/\/www.colegiolatinocordillera.cl\/w3\/wp-content\/uploads\/2026\/03\/PG_asamblea-300x225.jpg 300w, https:\/\/www.colegiolatinocordillera.cl\/w3\/wp-content\/uploads\/2026\/03\/PG_asamblea-1024x768.jpg 1024w, https:\/\/www.colegiolatinocordillera.cl\/w3\/wp-content\/uploads\/2026\/03\/PG_asamblea-768x576.jpg 768w, https:\/\/www.colegiolatinocordillera.cl\/w3\/wp-content\/uploads\/2026\/03\/PG_asamblea-1536x1152.jpg 1536w\" sizes=\"auto, (max-width: 1714px) 100vw, 1714px\" \/><br \/>\n<span style=\"font-weight: 400;\">Tambi\u00e9n recordamos c\u00f3mo vivir en esta comunidad, c\u00f3mo hacer para todos y todas un lugar seguro, grato y acogedor. Especialmente para todos quienes se incorporan este a\u00f1o.<\/span><br \/>\n <a href=\"https:\/\/www.colegiolatinocordillera.cl\/w3\/2026\/03\/tremun-asamblea-nuevos-comienzos\/\" class=\"more-link\"><span class=\"continue-reading\">Leer m\u00e1s<\/span><\/a><\/p>\n\t\t\t\t\t\r\n\t\t\t\t<\/div><!--article-content-wrap-->\r\n\r\n\t\t\t\t\t\t\r\n\t\t   \r\n\t\t\t\t\t\t\r\n\t\t\t\t\t\t\t\r\n\t\t<\/div><!--\/content-inner-->\r\n\t\t\r\n\t<\/div><!--\/post-content-->\r\n\t\t\r\n<\/article><!--\/article-->\n\t\t\t\t\t\t\t\n\t\t\t\t\n\t\t\t\t<article id=\"post-6437\" class=\"post-6437 post type-post status-publish format-standard hentry category-comunicaciones category-destacada\">\r\n\r\n\t<div class=\"post-content\">\r\n\t\t\r\n\t\t\t\t\t\r\n\t\t\t\t\t\t\r\n\t\t\t<div class=\"post-meta no-img\">\r\n\t\t\t\t\r\n\t\t\t\t\t\t\t\t\r\n\t\t\t\t<div class=\"date\">\r\n\t\t\t\t\t02\/03\/2026\t\t\t\t<\/div><!--\/date-->\r\n\t\t\t\t\r\n\t\t\t\t<div class=\"nectar-love-wrap\">\r\n\t\t\t\t\t<a href=\"#\" class=\"nectar-love\" id=\"nectar-love-6437\" title=\"Love this\"> <div class=\"heart-wrap\"><i class=\"icon-salient-heart-2\"><\/i> <i class=\"icon-salient-heart loved\"><\/i><\/div><span class=\"nectar-love-count\">0<\/span><\/a>\t\t\t\t<\/div><!--\/nectar-love-wrap-->\t\r\n\t\t\t\t\t\t\t\r\n\t\t\t<\/div><!--\/post-meta-->\r\n\t\t\t\r\n\t\t\t\t\r\n\t\t<div class=\"content-inner\">\r\n\t\t\t\r\n\t\t\t\t\t\t\r\n\t\t\t\t\t\t\t<div class=\"article-content-wrap\">\r\n\r\n\t\t\t\t\t<div class=\"post-header\">\r\n\t\t\t\t\t\t<h2 class=\"title\"> <a href=\"https:\/\/www.colegiolatinocordillera.cl\/w3\/2026\/03\/ficha-medica-2026\/\">Ficha M\u00e9dica 2026 <\/a> <\/h2>\r\n\t\t\t\t\t\t<span class=\"meta-author\">Por <a href=\"https:\/\/www.colegiolatinocordillera.cl\/w3\/author\/jrivera\/\" title=\"Entradas de Administrador\" rel=\"author\">Administrador<\/a><\/span> <span class=\"meta-category\">| <a href=\"https:\/\/www.colegiolatinocordillera.cl\/w3\/category\/comunicaciones\/\">Comunicaciones<\/a>, <a href=\"https:\/\/www.colegiolatinocordillera.cl\/w3\/category\/destacada\/\">Destacada<\/a><\/span> <span class=\"meta-comment-count\">| <a href=\"https:\/\/www.colegiolatinocordillera.cl\/w3\/2026\/03\/ficha-medica-2026\/#respond\">\r\n\t\t\t\t\t\tNo Comments<\/a><\/span>\r\n\t\t\t\t\t<\/div><!--\/post-header-->\r\n\t\t\t\t<p><img loading=\"lazy\" decoding=\"async\" src=\"https:\/\/upload.wikimedia.org\/wikipedia\/commons\/1\/1a\/Flag_of_the_Red_Cross.svg\" width=\"225\" height=\"150\" class=\"aligncenter\" \/><br \/>\nEstimada Apoderada \/ Estimado Apoderado,<\/p>\n<p>Le solicitamos completar la ficha de datos m\u00e9dicos del estudiante seg\u00fan el nivel correspondiente:<\/p>\n<p><a href=\"https:\/\/forms.gle\/4ArEERHpvAUNaXit7\" target=\"_blank\" rel=\"noopener\">Formulario Nivel Trem\u00fcn<\/a><\/p>\n<p><a href=\"https:\/\/forms.gle\/AVG2a5wiGtzz5mVa9\" target=\"_blank\" rel=\"noopener\">Formulario Nivel Jaqi<\/a><\/p>\n<p>Importante: Debe llenar una ficha por cada estudiante a su cargo, volviendo a ingresar en el enlace correspondiente para generar una nueva ficha. Recuerde que es su responsabilidad entregar informaci\u00f3n fidedigna y oportuna en la presente ficha m\u00e9dica. Al finalizar recibir\u00e1 una copia de las respuestas en su correo electr\u00f3nico y podr\u00e1 editarlas posteriormente si es que lo requiere.<\/p>\n<p>Ante cualquier duda comunicarse a la coordinaci\u00f3n de su nivel.<\/p>\n\t\t\t\t\t\r\n\t\t\t\t<\/div><!--article-content-wrap-->\r\n\r\n\t\t\t\t\t\t\r\n\t\t   \r\n\t\t\t\t\t\t\r\n\t\t\t\t\t\t\t\r\n\t\t<\/div><!--\/content-inner-->\r\n\t\t\r\n\t<\/div><!--\/post-content-->\r\n\t\t\r\n<\/article><!--\/article-->\n\t\t\t\t\t\t\t\n\t\t\t\t\n\t\t\t\t<article id=\"post-6426\" class=\"post-6426 post type-post status-publish format-standard hentry category-comunicaciones category-destacada\">\r\n\r\n\t<div class=\"post-content\">\r\n\t\t\r\n\t\t\t\t\t\r\n\t\t\t\t\t\t\r\n\t\t\t<div class=\"post-meta no-img\">\r\n\t\t\t\t\r\n\t\t\t\t\t\t\t\t\r\n\t\t\t\t<div class=\"date\">\r\n\t\t\t\t\t27\/02\/2026\t\t\t\t<\/div><!--\/date-->\r\n\t\t\t\t\r\n\t\t\t\t<div class=\"nectar-love-wrap\">\r\n\t\t\t\t\t<a href=\"#\" class=\"nectar-love\" id=\"nectar-love-6426\" title=\"Love this\"> <div class=\"heart-wrap\"><i class=\"icon-salient-heart-2\"><\/i> <i class=\"icon-salient-heart loved\"><\/i><\/div><span class=\"nectar-love-count\">0<\/span><\/a>\t\t\t\t<\/div><!--\/nectar-love-wrap-->\t\r\n\t\t\t\t\t\t\t\r\n\t\t\t<\/div><!--\/post-meta-->\r\n\t\t\t\r\n\t\t\t\t\r\n\t\t<div class=\"content-inner\">\r\n\t\t\t\r\n\t\t\t\t\t\t\r\n\t\t\t\t\t\t\t<div class=\"article-content-wrap\">\r\n\r\n\t\t\t\t\t<div class=\"post-header\">\r\n\t\t\t\t\t\t<h2 class=\"title\"> <a href=\"https:\/\/www.colegiolatinocordillera.cl\/w3\/2026\/02\/boletin-2026\/\">Bolet\u00edn a\u00f1o escolar 2026 <\/a> <\/h2>\r\n\t\t\t\t\t\t<span class=\"meta-author\">Por <a href=\"https:\/\/www.colegiolatinocordillera.cl\/w3\/author\/jrivera\/\" title=\"Entradas de Administrador\" rel=\"author\">Administrador<\/a><\/span> <span class=\"meta-category\">| <a href=\"https:\/\/www.colegiolatinocordillera.cl\/w3\/category\/comunicaciones\/\">Comunicaciones<\/a>, <a href=\"https:\/\/www.colegiolatinocordillera.cl\/w3\/category\/destacada\/\">Destacada<\/a><\/span> <span class=\"meta-comment-count\">| <a href=\"https:\/\/www.colegiolatinocordillera.cl\/w3\/2026\/02\/boletin-2026\/#respond\">\r\n\t\t\t\t\t\tNo Comments<\/a><\/span>\r\n\t\t\t\t\t<\/div><!--\/post-header-->\r\n\t\t\t\t<p><a href=\"https:\/\/www.colegiolatinocordillera.cl\/w3\/wp-content\/uploads\/2026\/02\/BoletinLatino_2026.pdf\"><img loading=\"lazy\" decoding=\"async\" src=\"https:\/\/www.colegiolatinocordillera.cl\/w3\/wp-content\/uploads\/2026\/02\/BL2026.gif\" alt=\"\" width=\"1489\" height=\"2106\" class=\"aligncenter size-full wp-image-6427\" \/><\/a><br \/>\n<a href=\"https:\/\/www.colegiolatinocordillera.cl\/w3\/wp-content\/uploads\/2026\/02\/BoletinLatino_2026.pdf\">Ver PDF<\/a><\/p>\n\t\t\t\t\t\r\n\t\t\t\t<\/div><!--article-content-wrap-->\r\n\r\n\t\t\t\t\t\t\r\n\t\t   \r\n\t\t\t\t\t\t\r\n\t\t\t\t\t\t\t\r\n\t\t<\/div><!--\/content-inner-->\r\n\t\t\r\n\t<\/div><!--\/post-content-->\r\n\t\t\r\n<\/article><!--\/article-->\n\t\t\t\t\t\t\t\n\t\t\t\t\n\t\t\t\t<article id=\"post-6417\" class=\"post-6417 post type-post status-publish format-standard hentry category-comunicaciones category-destacada\">\r\n\r\n\t<div class=\"post-content\">\r\n\t\t\r\n\t\t\t\t\t\r\n\t\t\t\t\t\t\r\n\t\t\t<div class=\"post-meta no-img\">\r\n\t\t\t\t\r\n\t\t\t\t\t\t\t\t\r\n\t\t\t\t<div class=\"date\">\r\n\t\t\t\t\t26\/02\/2026\t\t\t\t<\/div><!--\/date-->\r\n\t\t\t\t\r\n\t\t\t\t<div class=\"nectar-love-wrap\">\r\n\t\t\t\t\t<a href=\"#\" class=\"nectar-love\" id=\"nectar-love-6417\" title=\"Love this\"> <div class=\"heart-wrap\"><i class=\"icon-salient-heart-2\"><\/i> <i class=\"icon-salient-heart loved\"><\/i><\/div><span class=\"nectar-love-count\">0<\/span><\/a>\t\t\t\t<\/div><!--\/nectar-love-wrap-->\t\r\n\t\t\t\t\t\t\t\r\n\t\t\t<\/div><!--\/post-meta-->\r\n\t\t\t\r\n\t\t\t\t\r\n\t\t<div class=\"content-inner\">\r\n\t\t\t\r\n\t\t\t\t\t\t\r\n\t\t\t\t\t\t\t<div class=\"article-content-wrap\">\r\n\r\n\t\t\t\t\t<div class=\"post-header\">\r\n\t\t\t\t\t\t<h2 class=\"title\"> <a href=\"https:\/\/www.colegiolatinocordillera.cl\/w3\/2026\/02\/servicios-almuerzos-casino-2026\/\">Servicios Almuerzos (Casino) 2026 <\/a> <\/h2>\r\n\t\t\t\t\t\t<span class=\"meta-author\">Por <a href=\"https:\/\/www.colegiolatinocordillera.cl\/w3\/author\/jrivera\/\" title=\"Entradas de Administrador\" rel=\"author\">Administrador<\/a><\/span> <span class=\"meta-category\">| <a href=\"https:\/\/www.colegiolatinocordillera.cl\/w3\/category\/comunicaciones\/\">Comunicaciones<\/a>, <a href=\"https:\/\/www.colegiolatinocordillera.cl\/w3\/category\/destacada\/\">Destacada<\/a><\/span> <span class=\"meta-comment-count\">| <a href=\"https:\/\/www.colegiolatinocordillera.cl\/w3\/2026\/02\/servicios-almuerzos-casino-2026\/#respond\">\r\n\t\t\t\t\t\tNo Comments<\/a><\/span>\r\n\t\t\t\t\t<\/div><!--\/post-header-->\r\n\t\t\t\t<p><a href=\"https:\/\/www.colegiolatinocordillera.cl\/w3\/wp-content\/uploads\/2026\/02\/CASINO-2026-CASINO-LATINO-CORDILLERA.pdf\">Revisa la informaci\u00f3n detallada del Casino en este PDF<\/a><\/p>\n<p>Estimadas madres, padres y apoderados:<\/p>\n<p>Les informamos que a partir del a\u00f1o escolar 2026, el casino del establecimiento funcionar\u00e1 a trav\u00e9s de la aplicaci\u00f3n OrderEAT<\/p>\n<p>La app se encuentra disponible para descarga en App Store y Google Play. En la infograf\u00eda adjunta podr\u00e1n encontrar el paso a paso para descargarla y registrarse.<br \/>\n <a href=\"https:\/\/www.colegiolatinocordillera.cl\/w3\/2026\/02\/servicios-almuerzos-casino-2026\/\" class=\"more-link\"><span class=\"continue-reading\">Leer m\u00e1s<\/span><\/a><\/p>\n\t\t\t\t\t\r\n\t\t\t\t<\/div><!--article-content-wrap-->\r\n\r\n\t\t\t\t\t\t\r\n\t\t   \r\n\t\t\t\t\t\t\r\n\t\t\t\t\t\t\t\r\n\t\t<\/div><!--\/content-inner-->\r\n\t\t\r\n\t<\/div><!--\/post-content-->\r\n\t\t\r\n<\/article><!--\/article-->\n\t\t\t\t\t\t\t\n\t\t\t\t\n\t\t\t\t<article id=\"post-6384\" class=\"post-6384 post type-post status-publish format-standard hentry category-comunicaciones category-destacada\">\r\n\r\n\t<div class=\"post-content\">\r\n\t\t\r\n\t\t\t\t\t\r\n\t\t\t\t\t\t\r\n\t\t\t<div class=\"post-meta no-img\">\r\n\t\t\t\t\r\n\t\t\t\t\t\t\t\t\r\n\t\t\t\t<div class=\"date\">\r\n\t\t\t\t\t14\/08\/2025\t\t\t\t<\/div><!--\/date-->\r\n\t\t\t\t\r\n\t\t\t\t<div class=\"nectar-love-wrap\">\r\n\t\t\t\t\t<a href=\"#\" class=\"nectar-love\" id=\"nectar-love-6384\" title=\"Love this\"> <div class=\"heart-wrap\"><i class=\"icon-salient-heart-2\"><\/i> <i class=\"icon-salient-heart loved\"><\/i><\/div><span class=\"nectar-love-count\">0<\/span><\/a>\t\t\t\t<\/div><!--\/nectar-love-wrap-->\t\r\n\t\t\t\t\t\t\t\r\n\t\t\t<\/div><!--\/post-meta-->\r\n\t\t\t\r\n\t\t\t\t\r\n\t\t<div class=\"content-inner\">\r\n\t\t\t\r\n\t\t\t\t\t\t\r\n\t\t\t\t\t\t\t<div class=\"article-content-wrap\">\r\n\r\n\t\t\t\t\t<div class=\"post-header\">\r\n\t\t\t\t\t\t<h2 class=\"title\"> <a href=\"https:\/\/www.colegiolatinocordillera.cl\/w3\/2025\/08\/matricula-y-colegiaturas-ano-2026\/\">Matr\u00edcula y Colegiaturas a\u00f1o 2026 <\/a> <\/h2>\r\n\t\t\t\t\t\t<span class=\"meta-author\">Por <a href=\"https:\/\/www.colegiolatinocordillera.cl\/w3\/author\/jrivera\/\" title=\"Entradas de Administrador\" rel=\"author\">Administrador<\/a><\/span> <span class=\"meta-category\">| <a href=\"https:\/\/www.colegiolatinocordillera.cl\/w3\/category\/comunicaciones\/\">Comunicaciones<\/a>, <a href=\"https:\/\/www.colegiolatinocordillera.cl\/w3\/category\/destacada\/\">Destacada<\/a><\/span> <span class=\"meta-comment-count\">| <a href=\"https:\/\/www.colegiolatinocordillera.cl\/w3\/2025\/08\/matricula-y-colegiaturas-ano-2026\/#respond\">\r\n\t\t\t\t\t\tNo Comments<\/a><\/span>\r\n\t\t\t\t\t<\/div><!--\/post-header-->\r\n\t\t\t\t<div class=\"texto_sub\">Matr\u00edcula por estudiante<\/div>\n<p style=\"padding-left: 30px;\">\nEstudiantes nuevos: $ 290.000 para todos los niveles y cursos.<br \/>\nEstudiantes antiguos: $ 210.000 pago en septiembre o $225.000 en 4 cuotas de $56.250 de septiembre a diciembre.<\/p>\n<div class=\"espa20px\"><\/div>\n<div class=\"texto_sub\">Formulario confirmaci\u00f3n de matr\u00edcula<\/div>\n<p style=\"padding-left: 30px;\">Completar el siguiente <a href=\"https:\/\/forms.gle\/egKwzB359FB7qtAZA\" target=\"_blank\" rel=\"noopener\">Formulario en l\u00ednea<\/a>.\n<\/p>\n<p> <a href=\"https:\/\/www.colegiolatinocordillera.cl\/w3\/2025\/08\/matricula-y-colegiaturas-ano-2026\/\" class=\"more-link\"><span class=\"continue-reading\">Leer m\u00e1s<\/span><\/a><\/p>\n\t\t\t\t\t\r\n\t\t\t\t<\/div><!--article-content-wrap-->\r\n\r\n\t\t\t\t\t\t\r\n\t\t   \r\n\t\t\t\t\t\t\r\n\t\t\t\t\t\t\t\r\n\t\t<\/div><!--\/content-inner-->\r\n\t\t\r\n\t<\/div><!--\/post-content-->\r\n\t\t\r\n<\/article><!--\/article-->\n\t\t\t\t\t\t\n\t\t\t<\/div><!--\/posts container-->\n\t\t\t\n\t\t\t\t\t\n\t\t<\/div><!--\/span_9-->\n\t\t\n\t\t\n\t<\/div>\n\t\n\t\n<!--\n\n\n<h3 style=\"margin-top: -88px;\">Centro de Madres y Padres<\/h3>\n\n\n[nectar_blog layout=\"masonry-blog-fullwidth\" pagination_type=\"default\" category=\"cmp\" posts_per_page=\"3\"]\n--><\/p>\n","protected":false},"excerpt":{"rendered":"Matr\u00edcula por estudiante Estudiantes nuevos: $ 290.000 para todos los niveles y cursos. Estudiantes antiguos: $ 210.000 pago en septiembre o $225.000 en 4 cuotas de $56.250 de septiembre a...","protected":false},"author":7,"featured_media":0,"parent":0,"menu_order":0,"comment_status":"closed","ping_status":"closed","template":"","meta":{"footnotes":""},"class_list":["post-397","page","type-page","status-publish","hentry"],"_links":{"self":[{"href":"https:\/\/www.colegiolatinocordillera.cl\/w3\/wp-json\/wp\/v2\/pages\/397","targetHints":{"allow":["GET"]}}],"collection":[{"href":"https:\/\/www.colegiolatinocordillera.cl\/w3\/wp-json\/wp\/v2\/pages"}],"about":[{"href":"https:\/\/www.colegiolatinocordillera.cl\/w3\/wp-json\/wp\/v2\/types\/page"}],"author":[{"embeddable":true,"href":"https:\/\/www.colegiolatinocordillera.cl\/w3\/wp-json\/wp\/v2\/users\/7"}],"replies":[{"embeddable":true,"href":"https:\/\/www.colegiolatinocordillera.cl\/w3\/wp-json\/wp\/v2\/comments?post=397"}],"version-history":[{"count":154,"href":"https:\/\/www.colegiolatinocordillera.cl\/w3\/wp-json\/wp\/v2\/pages\/397\/revisions"}],"predecessor-version":[{"id":6416,"href":"https:\/\/www.colegiolatinocordillera.cl\/w3\/wp-json\/wp\/v2\/pages\/397\/revisions\/6416"}],"wp:attachment":[{"href":"https:\/\/www.colegiolatinocordillera.cl\/w3\/wp-json\/wp\/v2\/media?parent=397"}],"curies":[{"name":"wp","href":"https:\/\/api.w.org\/{rel}","templated":true}]}}