{"id":4292,"date":"2019-02-22T13:15:30","date_gmt":"2019-02-22T16:15:30","guid":{"rendered":"https:\/\/www.colegiolatinocordillera.cl\/w3\/?page_id=4292"},"modified":"2026-04-27T07:48:35","modified_gmt":"2026-04-27T11:48:35","slug":"docentes","status":"publish","type":"page","link":"https:\/\/www.colegiolatinocordillera.cl\/w3\/somos\/docentes\/","title":{"rendered":"Docentes"},"content":{"rendered":"<h1>Docentes<\/h1>\n<div style=\"text-decoration: underline;\">Nivel Napoki (Jard\u00edn Infantil)<\/div>\n<p><strong>Supervisi\u00f3n Pedag\u00f3gica<\/strong><br \/>\nAdriana Rojas S.<\/p>\n<p><strong>Coordinaci\u00f3n de Nivel<\/strong><br \/>\nPaz Luxoro V.<\/p>\n<p>&nbsp;<\/p>\n<p><img decoding=\"async\" class=\"size-full wp-image-6053\" src=\"https:\/\/www.colegiolatinocordillera.cl\/w3\/wp-content\/uploads\/2026\/04\/eq_napoki_2026.jpg\" alt=\"Napoki 2026\" \/><\/p>\n<table class=\"centrate\">\n<tbody>\n<tr>\n<td>\n<p style=\"text-align: left;\">Yasna Carvajal <strong>Equipo Pepekas &#8211; Encargada de Sala<\/strong><\/p>\n<p>Martina Corales\u00a0<strong>Equipo Pepekas<\/strong><\/p>\n<p style=\"text-align: left;\">Ana Ancal\u00ed <strong>Equipo Pepekas<\/strong><\/p>\n<p>Carolina Brice\u00f1o <strong>Equipo Kinder<\/strong><\/p>\n<p>Juanita Nahuel <strong>Equipo Kinder<\/strong><\/p>\n<p>Jessica Amaya <strong>Co-educadora de apoyo nivel Napoki<\/strong><\/p>\n<p>Evangelina Rivero <strong>Educaci\u00f3n F\u00edsica Napoki<br \/>\n<\/strong>Fernanda Subiabre <strong>Profesora Ingl\u00e9s Kinder<\/strong><br \/>\nDom\u00e9nica P\u00e9rez <strong>Profesora Ingl\u00e9s Kinder<\/strong><br \/>\nRodrigo Rivera <strong>Profesor M\u00fasica Napoki<\/strong><\/td>\n<\/tr>\n<\/tbody>\n<\/table>\n<div style=\"text-decoration: underline;\">Nivel Trem\u00fcn (1\u00ba a 6\u00ba a\u00f1o de Ense\u00f1anza General B\u00e1sica)<\/div>\n<p><strong>Supervisi\u00f3n Pedag\u00f3gica<\/strong><br \/>\nSusanne P\u00e9rez M., Adriana Rojas S.<\/p>\n<p><strong>Coordinaci\u00f3n Administrativa de Nivel<\/strong><br \/>\nAlejandro Krebs M.<\/p>\n<p><strong>Asistente de Coordinaci\u00f3n<\/strong><br \/>\nIsabel Mu\u00f1oz D.<\/p>\n<p><strong>Convivencia Escolar<\/strong><br \/>\nCamila Veloso, Joaqu\u00edn Krebs M.<\/p>\n<p><img decoding=\"async\" class=\"aligncenter size-full wp-image-6055\" src=\"https:\/\/www.colegiolatinocordillera.cl\/w3\/wp-content\/uploads\/2026\/03\/eq_tremun_2026.jpg\" alt=\"Trem\u00fcn 2026\" \/><\/p>\n<table class=\"centrate\">\n<tbody>\n<tr>\n<td><strong>Primero B\u00e1sico Cherc\u00e1n <\/strong>Ginette Legent H.<br \/>\n<strong>Primero B\u00e1sico Kirke <\/strong>Claudia Morales C.<br \/>\n<strong>Segundo B\u00e1sico Pangui <\/strong>Marjorie Barrios D.<br \/>\n<strong>Segundo B\u00e1sico Willin <\/strong>Valentina Astorga<br \/>\n<strong>Tercero B\u00e1sico Chucao <\/strong>Jimena Pulgar R.<br \/>\n<strong>Tercero B\u00e1sico Tricahue <\/strong>Tom\u00e1s Cifuentes<br \/>\n<strong>Cuarto B\u00e1sico Pud\u00fa <\/strong>Dominique Descaseaux<br \/>\n<strong>Cuarto B\u00e1sico Taruca <\/strong>Javiera Palma S.<br \/>\n<strong>Quinto B\u00e1sico Kongoy <\/strong>Fabiola Valdebenito D.<br \/>\n<strong>Quinto B\u00e1sico Llingke <\/strong>Pabla Millie S.<br \/>\n<strong>Sexto B\u00e1sico Suri <\/strong>Marcos Navarro V.<br \/>\n<strong>Sexto B\u00e1sico Luan <\/strong>Ignacio Ram\u00edrez<\/p>\n<p>&nbsp;<\/p>\n<p style=\"text-align: left;\"><strong>Educaci\u00f3n F\u00edsica<br \/>\n<\/strong>Gustavo N\u00fa\u00f1ez M.<br \/>\nEvangelina Rivero R.<br \/>\nMar\u00eda Teresa Ram\u00edrez C.<\/p>\n<p style=\"text-align: left;\"><strong>Ingl\u00e9s<\/strong><br \/>\nDom\u00e9nica P\u00e9rez C.<strong><br \/>\n<\/strong>Sandra B\u00e1ez B. \/ Nicol\u00e1s Palma<\/p>\n<p><strong>M\u00fasica<\/strong><br \/>\nAndreas Salas<\/td>\n<\/tr>\n<\/tbody>\n<\/table>\n<div style=\"text-decoration: underline;\">Nivel Jaqi (7\u00ba b\u00e1sico a IV \u00ba a\u00f1o ense\u00f1anza Media)<\/div>\n<p><strong>Supervisi\u00f3n Pedag\u00f3gica<\/strong><br \/>\nIara Rivera P.<\/p>\n<p><strong>Coordinaci\u00f3n de Nivel<\/strong><br \/>\nAd\u00e1n Vega A.<\/p>\n<p><strong>Jefaturas, Tutor\u00eda y Ciudadan\u00eda<\/strong><br \/>\nKar\u00fcwa Thiess S.<\/p>\n<p><strong>Apoyo Pedag\u00f3gico<\/strong><br \/>\nFrancesca Grez C.<\/p>\n<p><strong>Asistente de Coordinaci\u00f3n<\/strong><br \/>\nRosario Camposano M.<\/p>\n<p><strong>Encargada de Biblioteca<\/strong><br \/>\nAndrea Vega A.<\/p>\n<p><img loading=\"lazy\" decoding=\"async\" src=\"https:\/\/www.colegiolatinocordillera.cl\/w3\/wp-content\/uploads\/2026\/03\/eq_jaqi_2026.jpg\" alt=\"Jaqi 2026\" width=\"1206\" height=\"918\" class=\"aligncenter size-full wp-image-6480\" srcset=\"https:\/\/www.colegiolatinocordillera.cl\/w3\/wp-content\/uploads\/2026\/03\/eq_jaqi_2026.jpg 1206w, https:\/\/www.colegiolatinocordillera.cl\/w3\/wp-content\/uploads\/2026\/03\/eq_jaqi_2026-300x228.jpg 300w, https:\/\/www.colegiolatinocordillera.cl\/w3\/wp-content\/uploads\/2026\/03\/eq_jaqi_2026-1024x779.jpg 1024w, https:\/\/www.colegiolatinocordillera.cl\/w3\/wp-content\/uploads\/2026\/03\/eq_jaqi_2026-768x585.jpg 768w\" sizes=\"auto, (max-width: 1206px) 100vw, 1206px\" \/><\/p>\n<table class=\"centrate\" style=\"vertical-align: top; height: 1200px;\" cellspacing=\"24\">\n<tbody>\n<tr style=\"vertical-align: top;\">\n<td style=\"height: 72px; width: 200px;\"><strong>Lengua y Literatura<\/strong><\/td>\n<td style=\"height: 72px; width: 157px;\">Pilar Fortunate N.<br \/>\nNatalia Ram\u00edrez A.<br \/>\nEmilio Corales M.<\/td>\n<\/tr>\n<tr style=\"vertical-align: top;\">\n<td style=\"height: 72px; width: 200px;\"><strong>Matem\u00e1tica<\/strong><\/td>\n<td style=\"height: 72px; width: 157px;\">Carolina Tapia M.<br \/>\nRobbie Barrera Y.<br \/>\nDiego Ulloa R.<\/td>\n<\/tr>\n<tr style=\"vertical-align: top;\">\n<td style=\"height: 72px; width: 200px;\"><strong>Historia y Ciencias Sociales<\/strong><\/td>\n<td style=\"height: 72px; width: 157px;\">Francesca Grez C. \/ Historia y Ciencias Sociales y Educaci\u00f3n Ciudadana<br \/>\nAntonia Herrera O.<br \/>\nMar\u00eda Paz Morales A.<\/td>\n<\/tr>\n<tr style=\"vertical-align: top;\">\n<td style=\"height: 120px; width: 200px;\"><strong>Ciencias<\/strong><\/td>\n<td style=\"height: 120px; width: 157px;\">B\u00e1rbara Elzo S. \/ Qu\u00edmica y Ciencias Para La Ciudadan\u00eda<br \/>\nFrancisca S\u00e1nchez L. \/ Biolog\u00eda y Ciencias Para La Ciudadan\u00eda<br \/>\nRobbie Barrera Y. \/ F\u00edsica<\/td>\n<\/tr>\n<tr style=\"vertical-align: top;\">\n<td style=\"height: 48px; width: 200px;\"><strong>Ingl\u00e9s<\/strong><\/td>\n<td style=\"height: 48px; width: 157px;\">Sandra B\u00e1ez B.<br \/>\nPaula Salfate L.<\/td>\n<\/tr>\n<tr style=\"vertical-align: top;\">\n<td style=\"height: 48px; width: 200px;\"><strong>Educaci\u00f3n F\u00edsica<\/strong><\/td>\n<td style=\"height: 48px; width: 157px;\">Dagoberto Soca H.<br \/>\nPaul Bojorquez C.<\/td>\n<\/tr>\n<tr style=\"vertical-align: top;\">\n<td style=\"height: 24px; width: 200px;\"><strong>Filosof\u00eda<\/strong><\/td>\n<td style=\"height: 24px; width: 157px;\">Nadine Faure Q.<\/td>\n<\/tr>\n<tr style=\"vertical-align: top;\">\n<td style=\"height: 48px; width: 200px;\"><strong>Artes<\/strong><\/td>\n<td style=\"height: 48px; width: 157px;\">Cristina Montero C.<\/td>\n<\/tr>\n<tr style=\"height: 24px;\">\n<td style=\"height: 24px; width: 200px;\"><strong>M\u00fasica<\/strong><\/td>\n<td style=\"height: 24px; width: 157px;\">Gustavo Salfate L.<\/td>\n<\/tr>\n<tr style=\"vertical-align: top;\">\n<td style=\"height: 24px; width: 200px;\"><\/td>\n<td style=\"height: 24px; width: 157px;\"><\/td>\n<\/tr>\n<tr style=\"height: 24px;\">\n<td style=\"height: 24px; width: 200px;\"><\/td>\n<td style=\"height: 24px; width: 157px;\"><\/td>\n<\/tr>\n<\/tbody>\n<\/table>\n","protected":false},"excerpt":{"rendered":"<p>Docentes Nivel Napoki (Jard\u00edn Infantil) Supervisi\u00f3n Pedag\u00f3gica Adriana Rojas S. Coordinaci\u00f3n de Nivel Paz Luxoro V. &nbsp; Yasna Carvajal Equipo Pepekas &#8211; Encargada de Sala Martina Corales\u00a0Equipo Pepekas Ana Ancal\u00ed&#8230;<\/p>\n","protected":false},"author":7,"featured_media":0,"parent":3,"menu_order":3,"comment_status":"closed","ping_status":"closed","template":"","meta":{"footnotes":""},"class_list":["post-4292","page","type-page","status-publish","hentry"],"_links":{"self":[{"href":"https:\/\/www.colegiolatinocordillera.cl\/w3\/wp-json\/wp\/v2\/pages\/4292","targetHints":{"allow":["GET"]}}],"collection":[{"href":"https:\/\/www.colegiolatinocordillera.cl\/w3\/wp-json\/wp\/v2\/pages"}],"about":[{"href":"https:\/\/www.colegiolatinocordillera.cl\/w3\/wp-json\/wp\/v2\/types\/page"}],"author":[{"embeddable":true,"href":"https:\/\/www.colegiolatinocordillera.cl\/w3\/wp-json\/wp\/v2\/users\/7"}],"replies":[{"embeddable":true,"href":"https:\/\/www.colegiolatinocordillera.cl\/w3\/wp-json\/wp\/v2\/comments?post=4292"}],"version-history":[{"count":84,"href":"https:\/\/www.colegiolatinocordillera.cl\/w3\/wp-json\/wp\/v2\/pages\/4292\/revisions"}],"predecessor-version":[{"id":6485,"href":"https:\/\/www.colegiolatinocordillera.cl\/w3\/wp-json\/wp\/v2\/pages\/4292\/revisions\/6485"}],"up":[{"embeddable":true,"href":"https:\/\/www.colegiolatinocordillera.cl\/w3\/wp-json\/wp\/v2\/pages\/3"}],"wp:attachment":[{"href":"https:\/\/www.colegiolatinocordillera.cl\/w3\/wp-json\/wp\/v2\/media?parent=4292"}],"curies":[{"name":"wp","href":"https:\/\/api.w.org\/{rel}","templated":true}]}}