{"id":93,"date":"2011-01-10T23:32:11","date_gmt":"2011-01-11T02:32:11","guid":{"rendered":"http:\/\/www.colegiolatinocordillera.cl\/w3\/?page_id=93"},"modified":"2025-11-18T09:06:33","modified_gmt":"2025-11-18T12:06:33","slug":"reglamentos","status":"publish","type":"page","link":"https:\/\/www.colegiolatinocordillera.cl\/w3\/comunidad\/reglamentos\/","title":{"rendered":"Reglamentos"},"content":{"rendered":"<p><img loading=\"lazy\" decoding=\"async\" class=\"alignnone size-full wp-image-1317\" src=\"https:\/\/www.colegiolatinocordillera.cl\/w3\/wp-content\/uploads\/2011\/11\/recursos.jpg\" width=\"650\" height=\"307\" srcset=\"https:\/\/www.colegiolatinocordillera.cl\/w3\/wp-content\/uploads\/2011\/11\/recursos.jpg 650w, https:\/\/www.colegiolatinocordillera.cl\/w3\/wp-content\/uploads\/2011\/11\/recursos-300x141.jpg 300w, https:\/\/www.colegiolatinocordillera.cl\/w3\/wp-content\/uploads\/2011\/11\/recursos-150x70.jpg 150w, https:\/\/www.colegiolatinocordillera.cl\/w3\/wp-content\/uploads\/2011\/11\/recursos-400x188.jpg 400w\" sizes=\"auto, (max-width: 650px) 100vw, 650px\" \/><\/p>\n<h1>Reglamentos<\/h1>\n<p>&gt;&gt; <a href=\"https:\/\/www.colegiolatinocordillera.cl\/w3\/wp-content\/uploads\/2017\/08\/ReglamentoInternoLatinoCordillera.pdf\" target=\"_blank\" rel=\"noopener\">Reglamento Interno de Orden, Higiene y Seguridad<\/a>.<\/p>\n<p>&gt;&gt; <a href=\"https:\/\/www.colegiolatinocordillera.cl\/w3\/wp-content\/uploads\/2025\/11\/RICE_2025.2.pdf\" target=\"_blank\" rel=\"noopener\">Reglamento Interno de Convivencia Escolar<\/a>.<\/p>\n<p>&gt;&gt; <a href=\"https:\/\/www.colegiolatinocordillera.cl\/w3\/wp-content\/uploads\/2024\/05\/REGLAMENTO-DE-EVALUACION-LATINO-CORDILLERA_2024.pdf\" target=\"_blank\" rel=\"noopener\">Reglamento de Evaluaci\u00f3n<\/a><\/p>\n<div><\/div>\n<div class=\"texto_resalte\">\n&gt;&gt; <a href=\"https:\/\/bibliotecadigital.mineduc.cl\/bitstream\/handle\/20.500.12365\/14279\/orientaciones%20decreto%2067.pdf\" target=\"_blank\" rel=\"noopener\">M\u00e1s informaci\u00f3n sobre el proceso de toma de decisi\u00f3n sobre la promoci\u00f3n de los\/as estudiantes Decreto 67\/MINEDUC<\/a>.\n<\/div>\n<p><\/br><\/p>\n","protected":false},"excerpt":{"rendered":"<p>Reglamentos &gt;&gt; Reglamento Interno de Orden, Higiene y Seguridad. &gt;&gt; Reglamento Interno de Convivencia Escolar. &gt;&gt; Reglamento de Evaluaci\u00f3n &gt;&gt; M\u00e1s informaci\u00f3n sobre el proceso de toma de decisi\u00f3n sobre&#8230;<\/p>\n","protected":false},"author":7,"featured_media":0,"parent":5,"menu_order":6,"comment_status":"closed","ping_status":"closed","template":"","meta":{"footnotes":""},"class_list":["post-93","page","type-page","status-publish","hentry"],"_links":{"self":[{"href":"https:\/\/www.colegiolatinocordillera.cl\/w3\/wp-json\/wp\/v2\/pages\/93","targetHints":{"allow":["GET"]}}],"collection":[{"href":"https:\/\/www.colegiolatinocordillera.cl\/w3\/wp-json\/wp\/v2\/pages"}],"about":[{"href":"https:\/\/www.colegiolatinocordillera.cl\/w3\/wp-json\/wp\/v2\/types\/page"}],"author":[{"embeddable":true,"href":"https:\/\/www.colegiolatinocordillera.cl\/w3\/wp-json\/wp\/v2\/users\/7"}],"replies":[{"embeddable":true,"href":"https:\/\/www.colegiolatinocordillera.cl\/w3\/wp-json\/wp\/v2\/comments?post=93"}],"version-history":[{"count":60,"href":"https:\/\/www.colegiolatinocordillera.cl\/w3\/wp-json\/wp\/v2\/pages\/93\/revisions"}],"predecessor-version":[{"id":6410,"href":"https:\/\/www.colegiolatinocordillera.cl\/w3\/wp-json\/wp\/v2\/pages\/93\/revisions\/6410"}],"up":[{"embeddable":true,"href":"https:\/\/www.colegiolatinocordillera.cl\/w3\/wp-json\/wp\/v2\/pages\/5"}],"wp:attachment":[{"href":"https:\/\/www.colegiolatinocordillera.cl\/w3\/wp-json\/wp\/v2\/media?parent=93"}],"curies":[{"name":"wp","href":"https:\/\/api.w.org\/{rel}","templated":true}]}}